{"id":46,"date":"2026-02-20T14:16:20","date_gmt":"2026-02-20T17:16:20","guid":{"rendered":"https:\/\/tamegatech.com\/sobre\/"},"modified":"2026-02-20T14:15:57","modified_gmt":"2026-02-20T17:15:57","slug":"sobre","status":"publish","type":"page","link":"https:\/\/tamegatech.com\/pt\/sobre\/","title":{"rendered":"Sobre"},"content":{"rendered":"<div class=\"wp-block-group alignfull is-style-ext-preset--group--natural-1--section has-background-background-color has-background has-global-padding is-layout-constrained wp-block-group-is-layout-constrained is-style-ext-preset--group--natural-1--section--1\" id=\"sobre\" style=\"margin-top:0;margin-bottom:0;padding-top:var(--wp--preset--spacing--70);padding-bottom:var(--wp--preset--spacing--70)\">\n<div class=\"wp-block-columns alignwide are-vertically-aligned-center is-layout-flex wp-container-core-columns-is-layout-e2b55219 wp-block-columns-is-layout-flex\">\n<div class=\"wp-block-column is-vertically-aligned-center is-layout-flow wp-block-column-is-layout-flow\">\n<div class=\"wp-block-group alignwide is-vertical is-layout-flex wp-container-core-group-is-layout-0a9a0fdb wp-block-group-is-layout-flex\">\n<div class=\"wp-block-group has-global-padding is-layout-constrained wp-container-core-group-is-layout-836a97cd wp-block-group-is-layout-constrained\">\n<h2 class=\"wp-block-heading\">Desenvolvemos solu\u00e7\u00f5es multiplataformas inovadoras com Kotlin<\/h2>\n\n\n\n<p class=\"wp-block-paragraph\">Na Tamega Tech, nossa miss\u00e3o \u00e9 criar solu\u00e7\u00f5es multiplataforma eficientes com Kotlin, atendendo a diversos setores com \u00e9tica e comprometimento, com exce\u00e7\u00e3o da ind\u00fastria de jogos de azar.<\/p>\n\n\n\n<p class=\"wp-block-paragraph\">Sediada em Aruj\u00e1 - SP, Brasil,  entregamos softwares com arquiteturas robustas para Android, iOS, Web e ambientes Destops focados em performance, confiabilidade e escalabilidade.<\/p>\n<\/div>\n<\/div>\n<\/div>\n\n\n\n<div class=\"wp-block-column is-vertically-aligned-center is-layout-flow wp-block-column-is-layout-flow\">\n<figure class=\"wp-block-image is-style-ext-preset--image--natural-1--image-1--content-left is-style-ext-preset--image--natural-1--image-1--content-left--2\"><img loading=\"lazy\" decoding=\"async\" width=\"1440\" height=\"959\" src=\"https:\/\/tamegatech.com\/wp-content\/uploads\/2026\/01\/5735f0e55502af5caa70d30008a79174c32cc0f3.jpg\" alt=\"\" class=\"wp-image-61\" style=\"aspect-ratio:1;object-fit:cover\" srcset=\"https:\/\/tamegatech.com\/wp-content\/uploads\/2026\/01\/5735f0e55502af5caa70d30008a79174c32cc0f3.jpg 1440w, https:\/\/tamegatech.com\/wp-content\/uploads\/2026\/01\/5735f0e55502af5caa70d30008a79174c32cc0f3-300x200.jpg 300w, https:\/\/tamegatech.com\/wp-content\/uploads\/2026\/01\/5735f0e55502af5caa70d30008a79174c32cc0f3-1024x682.jpg 1024w, https:\/\/tamegatech.com\/wp-content\/uploads\/2026\/01\/5735f0e55502af5caa70d30008a79174c32cc0f3-768x511.jpg 768w\" sizes=\"auto, (max-width: 1440px) 100vw, 1440px\" \/><\/figure>\n<\/div>\n<\/div>\n<\/div>\n\n\n\n<div class=\"wp-block-group alignfull is-style-ext-preset--group--natural-1--section has-tertiary-background-color has-background has-global-padding is-layout-constrained wp-container-core-group-is-layout-8870cb56 wp-block-group-is-layout-constrained is-style-ext-preset--group--natural-1--section--3\" id=\"recursos\" style=\"margin-top:0;margin-bottom:0;padding-top:var(--wp--preset--spacing--70);padding-bottom:var(--wp--preset--spacing--70)\">\n<div class=\"wp-block-group alignwide is-vertical is-layout-flex wp-container-core-group-is-layout-0a9a0fdb wp-block-group-is-layout-flex\">\n<div class=\"wp-block-group has-global-padding is-layout-constrained wp-container-core-group-is-layout-227c3f25 wp-block-group-is-layout-constrained\">\n<h2 class=\"wp-block-heading\">Solu\u00e7\u00f5es multiplataformas com Kotlin<\/h2>\n\n\n\n<p class=\"has-text-align-left wp-block-paragraph\">Descubra as tecnologias e m\u00e9todos que fazem a Tamega Tech refer\u00eancia em desenvolvimento multiplataforma<\/p>\n<\/div>\n<\/div>\n\n\n\n<div class=\"wp-block-columns alignwide is-layout-flex wp-container-core-columns-is-layout-e2b55219 wp-block-columns-is-layout-flex\">\n<div class=\"wp-block-column is-vertically-aligned-stretch is-layout-flow wp-container-core-column-is-layout-02ccbb15 wp-block-column-is-layout-flow\">\n<div class=\"wp-block-cover is-style-ext-preset--image--natural-1--image-1--content-right is-style-ext-preset--image--natural-1--image-1--content-right--4\" style=\"padding-top:0;padding-bottom:0;min-height:100%;aspect-ratio:unset;\"><img loading=\"lazy\" decoding=\"async\" width=\"1440\" height=\"960\" class=\"wp-block-cover__image-background wp-image-62\" alt=\"\" src=\"https:\/\/tamegatech.com\/wp-content\/uploads\/2026\/01\/bb5909864039bb05bb674e9a42dc304dd4bc987a.jpg\" data-object-fit=\"cover\" srcset=\"https:\/\/tamegatech.com\/wp-content\/uploads\/2026\/01\/bb5909864039bb05bb674e9a42dc304dd4bc987a.jpg 1440w, https:\/\/tamegatech.com\/wp-content\/uploads\/2026\/01\/bb5909864039bb05bb674e9a42dc304dd4bc987a-300x200.jpg 300w, https:\/\/tamegatech.com\/wp-content\/uploads\/2026\/01\/bb5909864039bb05bb674e9a42dc304dd4bc987a-1024x683.jpg 1024w, https:\/\/tamegatech.com\/wp-content\/uploads\/2026\/01\/bb5909864039bb05bb674e9a42dc304dd4bc987a-768x512.jpg 768w\" sizes=\"auto, (max-width: 1440px) 100vw, 1440px\" \/><span aria-hidden=\"true\" class=\"wp-block-cover__background has-background-dim-0 has-background-dim\"><\/span><div class=\"wp-block-cover__inner-container is-layout-flow wp-block-cover-is-layout-flow\">\n<div style=\"height:240px\" aria-hidden=\"true\" class=\"wp-block-spacer\"><\/div>\n<\/div><\/div>\n<\/div>\n\n\n\n<div class=\"wp-block-column is-vertically-aligned-center is-layout-flow wp-block-column-is-layout-flow\">\n<div class=\"wp-block-group is-style-ext-preset--group--natural-1--item-card-1--align-start has-global-padding is-layout-constrained wp-block-group-is-layout-constrained is-style-ext-preset--group--natural-1--item-card-1--align-start--5\">\n<div class=\"wp-block-group is-style-default has-global-padding is-layout-constrained wp-block-group-is-layout-constrained\">\n<div class=\"wp-block-group is-nowrap is-layout-flex wp-container-core-group-is-layout-0f823597 wp-block-group-is-layout-flex\" style=\"padding-top:0;padding-right:0;padding-bottom:0;padding-left:0\">\n<figure class=\"wp-block-image size-large ext-aspect-landscape wp-duotone-primary-foreground\"><img decoding=\"async\" src=\"data:image\/svg+xml;base64,PHN2ZyB4bWxucz0iaHR0cDovL3d3dy53My5vcmcvMjAwMC9zdmciIHdpZHRoPSI0OCIgaGVpZ2h0PSI0OCIgZmlsbD0iIzAwMDAwMCIgdmlld0JveD0iMCAwIDI1NiAyNTYiPjxwYXRoIGQ9Ik0xNzIsNzZhNDQsNDQsMCwxLDAtNDQsNDRBNDQuMDUsNDQuMDUsMCwwLDAsMTcyLDc2Wm0tNDQsMjhhMjgsMjgsMCwxLDEsMjgtMjhBMjgsMjgsMCwwLDEsMTI4LDEwNFptNjAsMjRhNDQsNDQsMCwxLDAsNDQsNDRBNDQuMDUsNDQuMDUsMCwwLDAsMTg4LDEyOFptMCw3MmEyOCwyOCwwLDEsMSwyOC0yOEEyOCwyOCwwLDAsMSwxODgsMjAwWk02OCwxMjhhNDQsNDQsMCwxLDAsNDQsNDRBNDQuMDUsNDQuMDUsMCwwLDAsNjgsMTI4Wm0wLDcyYTI4LDI4LDAsMSwxLDI4LTI4QTI4LDI4LDAsMCwxLDY4LDIwMFoiPjwvcGF0aD48L3N2Zz4=\" alt=\"\" style=\"object-fit:cover\"\/><\/figure>\n\n\n\n<div class=\"wp-block-group wp-container-content-958eb9dc has-global-padding is-layout-constrained wp-container-core-group-is-layout-527b40bc wp-block-group-is-layout-constrained\" style=\"padding-top:0;padding-right:0;padding-bottom:0;padding-left:0\">\n<h3 class=\"wp-block-heading\">Android e iOS<\/h3>\n\n\n\n<p class=\"wp-block-paragraph\">Desenvolvemos apps m\u00f3veis nativos e eficientes, garantindo performance e usabilidade<\/p>\n<\/div>\n<\/div>\n<\/div>\n<\/div>\n\n\n\n<div class=\"wp-block-group is-style-ext-preset--group--natural-1--item-card-1--align-start has-global-padding is-layout-constrained wp-block-group-is-layout-constrained is-style-ext-preset--group--natural-1--item-card-1--align-start--6\">\n<div class=\"wp-block-group is-style-default has-global-padding is-layout-constrained wp-block-group-is-layout-constrained\">\n<div class=\"wp-block-group is-nowrap is-layout-flex wp-container-core-group-is-layout-0f823597 wp-block-group-is-layout-flex\" style=\"padding-top:0;padding-right:0;padding-bottom:0;padding-left:0\">\n<figure class=\"wp-block-image size-large ext-aspect-landscape wp-duotone-primary-foreground\"><img decoding=\"async\" src=\"data:image\/svg+xml;base64,PHN2ZyB4bWxucz0iaHR0cDovL3d3dy53My5vcmcvMjAwMC9zdmciIHdpZHRoPSI0OCIgaGVpZ2h0PSI0OCIgZmlsbD0iIzAwMDAwMCIgdmlld0JveD0iMCAwIDI1NiAyNTYiPjxwYXRoIGQ9Ik04MCw0MGE0MCw0MCwwLDEsMCw0MCw0MEE0MCw0MCwwLDAsMCw4MCw0MFptMCw2NGEyNCwyNCwwLDEsMSwyNC0yNEEyNCwyNCwwLDAsMSw4MCwxMDRabTk2LDE2YTQwLDQwLDAsMSwwLTQwLTQwQTQwLDQwLDAsMCwwLDE3NiwxMjBabTAtNjRhMjQsMjQsMCwxLDEtMjQsMjRBMjQsMjQsMCwwLDEsMTc2LDU2Wk04MCwxMzZhNDAsNDAsMCwxLDAsNDAsNDBBNDAsNDAsMCwwLDAsODAsMTM2Wm0wLDY0YTI0LDI0LDAsMSwxLDI0LTI0QTI0LDI0LDAsMCwxLDgwLDIwMFptOTYtNjRhNDAsNDAsMCwxLDAsNDAsNDBBNDAsNDAsMCwwLDAsMTc2LDEzNlptMCw2NGEyNCwyNCwwLDEsMSwyNC0yNEEyNCwyNCwwLDAsMSwxNzYsMjAwWiI+PC9wYXRoPjwvc3ZnPg==\" alt=\"\" style=\"object-fit:cover\"\/><\/figure>\n\n\n\n<div class=\"wp-block-group wp-container-content-958eb9dc has-global-padding is-layout-constrained wp-container-core-group-is-layout-527b40bc wp-block-group-is-layout-constrained\" style=\"padding-top:0;padding-right:0;padding-bottom:0;padding-left:0\">\n<h3 class=\"wp-block-heading\">Web e Desktop<\/h3>\n\n\n\n<p class=\"wp-block-paragraph\">Desenvolvmento aplica\u00e7\u00f5es para m\u00faltiplas plataformas, expandindo o alcance de seus neg\u00f3cios<\/p>\n<\/div>\n<\/div>\n<\/div>\n<\/div>\n\n\n\n<div class=\"wp-block-group is-style-ext-preset--group--natural-1--item-card-1--align-start has-global-padding is-layout-constrained wp-block-group-is-layout-constrained is-style-ext-preset--group--natural-1--item-card-1--align-start--7\">\n<div class=\"wp-block-group is-style-default has-global-padding is-layout-constrained wp-block-group-is-layout-constrained\">\n<div class=\"wp-block-group is-nowrap is-layout-flex wp-container-core-group-is-layout-0f823597 wp-block-group-is-layout-flex\" style=\"padding-top:0;padding-right:0;padding-bottom:0;padding-left:0\">\n<figure class=\"wp-block-image size-large ext-aspect-landscape wp-duotone-primary-foreground\"><img decoding=\"async\" src=\"data:image\/svg+xml;base64,PHN2ZyB4bWxucz0iaHR0cDovL3d3dy53My5vcmcvMjAwMC9zdmciIHdpZHRoPSI0OCIgaGVpZ2h0PSI0OCIgZmlsbD0iIzAwMDAwMCIgdmlld0JveD0iMCAwIDI1NiAyNTYiPjxwYXRoIGQ9Ik04MCw0MGE0MCw0MCwwLDEsMCw0MCw0MEE0MCw0MCwwLDAsMCw4MCw0MFptMCw2NGEyNCwyNCwwLDEsMSwyNC0yNEEyNCwyNCwwLDAsMSw4MCwxMDRabTk2LDE2YTQwLDQwLDAsMSwwLTQwLTQwQTQwLDQwLDAsMCwwLDE3NiwxMjBabTAtNjRhMjQsMjQsMCwxLDEtMjQsMjRBMjQsMjQsMCwwLDEsMTc2LDU2Wk04MCwxMzZhNDAsNDAsMCwxLDAsNDAsNDBBNDAsNDAsMCwwLDAsODAsMTM2Wm0wLDY0YTI0LDI0LDAsMSwxLDI0LTI0QTI0LDI0LDAsMCwxLDgwLDIwMFptMTM2LTI0YTgsOCwwLDAsMS04LDhIMTg0djI0YTgsOCwwLDAsMS0xNiwwVjE4NEgxNDRhOCw4LDAsMCwxLDAtMTZoMjRWMTQ0YTgsOCwwLDAsMSwxNiwwdjI0aDI0QTgsOCwwLDAsMSwyMTYsMTc2WiI+PC9wYXRoPjwvc3ZnPg==\" alt=\"\" style=\"object-fit:cover\"\/><\/figure>\n\n\n\n<div class=\"wp-block-group wp-container-content-958eb9dc has-global-padding is-layout-constrained wp-container-core-group-is-layout-527b40bc wp-block-group-is-layout-constrained\" style=\"padding-top:0;padding-right:0;padding-bottom:0;padding-left:0\">\n<h3 class=\"wp-block-heading\">Setores atendidos<\/h3>\n\n\n\n<p class=\"wp-block-paragraph\">Operamos em v\u00e1rios segmentos, excluindo apenas o mercado de jogos de azar.<\/p>\n<\/div>\n<\/div>\n<\/div>\n<\/div>\n<\/div>\n<\/div>\n<\/div>\n\n\n\n<div class=\"wp-block-group alignfull is-style-ext-preset--group--natural-1--section has-background-background-color has-background has-global-padding is-layout-constrained wp-container-core-group-is-layout-8870cb56 wp-block-group-is-layout-constrained is-style-ext-preset--group--natural-1--section--8\" id=\"equipe\" style=\"margin-top:0;margin-bottom:0;padding-top:var(--wp--preset--spacing--70);padding-bottom:var(--wp--preset--spacing--70)\">\n<div class=\"wp-block-group alignwide is-vertical is-content-justification-center is-layout-flex wp-container-core-group-is-layout-422eb20d wp-block-group-is-layout-flex\">\n<div class=\"wp-block-group has-global-padding is-layout-constrained wp-container-core-group-is-layout-7acc1fa0 wp-block-group-is-layout-constrained\">\n<h2 class=\"wp-block-heading has-text-align-center\">We turn ideas into multiplatform solutions<\/h2>\n\n\n\n<p class=\"has-text-align-center wp-block-paragraph\">TamegaTech is a specialized IT consultancy founded by Wilson P. Tamega Jr., focused on high-performance software development with an emphasis on modern, scalable solutions.<\/p>\n<\/div>\n<\/div>\n<\/div>","protected":false},"excerpt":{"rendered":"<p>We develop innovative multiplatform solutions with Kotlin At Tamega Tech, our mission is to create efficient multiplatform solutions with Kotlin, serving various industries with ethics and commitment, except for the gambling industry. Based in Aruj\u00e1, Brazil, we deliver robust software architectures for Android, iOS, Web, and Desktop platforms, focusing on performance, reliability, and scalability. Multiplatform [&hellip;]<\/p>\n","protected":false},"author":1,"featured_media":0,"parent":0,"menu_order":0,"comment_status":"closed","ping_status":"closed","template":"page-with-title","meta":{"_crdt_document":"","_uag_custom_page_level_css":"","_monsterinsights_skip_tracking":false,"_monsterinsights_sitenote_active":false,"_monsterinsights_sitenote_note":"","_monsterinsights_sitenote_category":0,"_uf_show_specific_survey":0,"_uf_disable_surveys":false,"footnotes":""},"class_list":["post-46","page","type-page","status-publish","hentry"],"yoast_head":"<!-- This site is optimized with the Yoast SEO plugin v27.3 - https:\/\/yoast.com\/product\/yoast-seo-wordpress\/ -->\n<title>About - Tamega Tech KMM Developer<\/title>\n<meta name=\"robots\" content=\"index, follow, max-snippet:-1, max-image-preview:large, max-video-preview:-1\" \/>\n<link rel=\"canonical\" href=\"https:\/\/tamegatech.com\/pt\/sobre\/\" \/>\n<meta property=\"og:locale\" content=\"pt_BR\" \/>\n<meta property=\"og:type\" content=\"article\" \/>\n<meta property=\"og:title\" content=\"About - Tamega Tech KMM Developer\" \/>\n<meta property=\"og:description\" content=\"We develop innovative multiplatform solutions with Kotlin At Tamega Tech, our mission is to create efficient multiplatform solutions with Kotlin, serving various industries with ethics and commitment, except for the gambling industry. Based in Aruj\u00e1, Brazil, we deliver robust software architectures for Android, iOS, Web, and Desktop platforms, focusing on performance, reliability, and scalability. Multiplatform [&hellip;]\" \/>\n<meta property=\"og:url\" content=\"https:\/\/tamegatech.com\/pt\/sobre\/\" \/>\n<meta property=\"og:site_name\" content=\"Tamega Tech KMM Developer\" \/>\n<meta property=\"og:image\" content=\"https:\/\/tamegatech.com\/wp-content\/uploads\/2026\/01\/5735f0e55502af5caa70d30008a79174c32cc0f3.jpg\" \/>\n\t<meta property=\"og:image:width\" content=\"1440\" \/>\n\t<meta property=\"og:image:height\" content=\"959\" \/>\n\t<meta property=\"og:image:type\" content=\"image\/jpeg\" \/>\n<meta name=\"twitter:card\" content=\"summary_large_image\" \/>\n<meta name=\"twitter:label1\" content=\"Est. tempo de leitura\" \/>\n\t<meta name=\"twitter:data1\" content=\"2 minutos\" \/>\n<script type=\"application\/ld+json\" class=\"yoast-schema-graph\">{\"@context\":\"https:\\\/\\\/schema.org\",\"@graph\":[{\"@type\":\"WebPage\",\"@id\":\"https:\\\/\\\/tamegatech.com\\\/sobre\\\/\",\"url\":\"https:\\\/\\\/tamegatech.com\\\/sobre\\\/\",\"name\":\"About - Tamega Tech KMM Developer\",\"isPartOf\":{\"@id\":\"https:\\\/\\\/tamegatech.com\\\/#website\"},\"primaryImageOfPage\":{\"@id\":\"https:\\\/\\\/tamegatech.com\\\/sobre\\\/#primaryimage\"},\"image\":{\"@id\":\"https:\\\/\\\/tamegatech.com\\\/sobre\\\/#primaryimage\"},\"thumbnailUrl\":\"https:\\\/\\\/tamegatech.com\\\/wp-content\\\/uploads\\\/2026\\\/01\\\/5735f0e55502af5caa70d30008a79174c32cc0f3.jpg\",\"datePublished\":\"2026-02-20T17:16:20+00:00\",\"breadcrumb\":{\"@id\":\"https:\\\/\\\/tamegatech.com\\\/sobre\\\/#breadcrumb\"},\"inLanguage\":\"pt-BR\",\"potentialAction\":[{\"@type\":\"ReadAction\",\"target\":[\"https:\\\/\\\/tamegatech.com\\\/sobre\\\/\"]}]},{\"@type\":\"ImageObject\",\"inLanguage\":\"pt-BR\",\"@id\":\"https:\\\/\\\/tamegatech.com\\\/sobre\\\/#primaryimage\",\"url\":\"https:\\\/\\\/tamegatech.com\\\/wp-content\\\/uploads\\\/2026\\\/01\\\/5735f0e55502af5caa70d30008a79174c32cc0f3.jpg\",\"contentUrl\":\"https:\\\/\\\/tamegatech.com\\\/wp-content\\\/uploads\\\/2026\\\/01\\\/5735f0e55502af5caa70d30008a79174c32cc0f3.jpg\"},{\"@type\":\"BreadcrumbList\",\"@id\":\"https:\\\/\\\/tamegatech.com\\\/sobre\\\/#breadcrumb\",\"itemListElement\":[{\"@type\":\"ListItem\",\"position\":1,\"name\":\"In\u00edcio\",\"item\":\"https:\\\/\\\/tamegatech.com\\\/\"},{\"@type\":\"ListItem\",\"position\":2,\"name\":\"About\"}]},{\"@type\":\"WebSite\",\"@id\":\"https:\\\/\\\/tamegatech.com\\\/#website\",\"url\":\"https:\\\/\\\/tamegatech.com\\\/\",\"name\":\"Tamega Tech\",\"description\":\"Kotlin Cross-Platform App Developer\",\"publisher\":{\"@id\":\"https:\\\/\\\/tamegatech.com\\\/#\\\/schema\\\/person\\\/7e099b874246955f707b481414c7957b\"},\"potentialAction\":[{\"@type\":\"SearchAction\",\"target\":{\"@type\":\"EntryPoint\",\"urlTemplate\":\"https:\\\/\\\/tamegatech.com\\\/?s={search_term_string}\"},\"query-input\":{\"@type\":\"PropertyValueSpecification\",\"valueRequired\":true,\"valueName\":\"search_term_string\"}}],\"inLanguage\":\"pt-BR\"},{\"@type\":[\"Person\",\"Organization\"],\"@id\":\"https:\\\/\\\/tamegatech.com\\\/#\\\/schema\\\/person\\\/7e099b874246955f707b481414c7957b\",\"name\":\"admin\",\"image\":{\"@type\":\"ImageObject\",\"inLanguage\":\"pt-BR\",\"@id\":\"https:\\\/\\\/tamegatech.com\\\/wp-content\\\/uploads\\\/2026\\\/02\\\/cropped-Selo-Tamega-Tech-300x300-1.png\",\"url\":\"https:\\\/\\\/tamegatech.com\\\/wp-content\\\/uploads\\\/2026\\\/02\\\/cropped-Selo-Tamega-Tech-300x300-1.png\",\"contentUrl\":\"https:\\\/\\\/tamegatech.com\\\/wp-content\\\/uploads\\\/2026\\\/02\\\/cropped-Selo-Tamega-Tech-300x300-1.png\",\"width\":300,\"height\":300,\"caption\":\"admin\"},\"logo\":{\"@id\":\"https:\\\/\\\/tamegatech.com\\\/wp-content\\\/uploads\\\/2026\\\/02\\\/cropped-Selo-Tamega-Tech-300x300-1.png\"},\"sameAs\":[\"https:\\\/\\\/tamegatech.com\"]}]}<\/script>\n<!-- \/ Yoast SEO plugin. -->","yoast_head_json":{"title":"About - Tamega Tech KMM Developer","robots":{"index":"index","follow":"follow","max-snippet":"max-snippet:-1","max-image-preview":"max-image-preview:large","max-video-preview":"max-video-preview:-1"},"canonical":"https:\/\/tamegatech.com\/pt\/sobre\/","og_locale":"pt_BR","og_type":"article","og_title":"About - Tamega Tech KMM Developer","og_description":"We develop innovative multiplatform solutions with Kotlin At Tamega Tech, our mission is to create efficient multiplatform solutions with Kotlin, serving various industries with ethics and commitment, except for the gambling industry. Based in Aruj\u00e1, Brazil, we deliver robust software architectures for Android, iOS, Web, and Desktop platforms, focusing on performance, reliability, and scalability. Multiplatform [&hellip;]","og_url":"https:\/\/tamegatech.com\/pt\/sobre\/","og_site_name":"Tamega Tech KMM Developer","og_image":[{"width":1440,"height":959,"url":"https:\/\/tamegatech.com\/wp-content\/uploads\/2026\/01\/5735f0e55502af5caa70d30008a79174c32cc0f3.jpg","type":"image\/jpeg"}],"twitter_card":"summary_large_image","twitter_misc":{"Est. tempo de leitura":"2 minutos"},"schema":{"@context":"https:\/\/schema.org","@graph":[{"@type":"WebPage","@id":"https:\/\/tamegatech.com\/sobre\/","url":"https:\/\/tamegatech.com\/sobre\/","name":"About - Tamega Tech KMM Developer","isPartOf":{"@id":"https:\/\/tamegatech.com\/#website"},"primaryImageOfPage":{"@id":"https:\/\/tamegatech.com\/sobre\/#primaryimage"},"image":{"@id":"https:\/\/tamegatech.com\/sobre\/#primaryimage"},"thumbnailUrl":"https:\/\/tamegatech.com\/wp-content\/uploads\/2026\/01\/5735f0e55502af5caa70d30008a79174c32cc0f3.jpg","datePublished":"2026-02-20T17:16:20+00:00","breadcrumb":{"@id":"https:\/\/tamegatech.com\/sobre\/#breadcrumb"},"inLanguage":"pt-BR","potentialAction":[{"@type":"ReadAction","target":["https:\/\/tamegatech.com\/sobre\/"]}]},{"@type":"ImageObject","inLanguage":"pt-BR","@id":"https:\/\/tamegatech.com\/sobre\/#primaryimage","url":"https:\/\/tamegatech.com\/wp-content\/uploads\/2026\/01\/5735f0e55502af5caa70d30008a79174c32cc0f3.jpg","contentUrl":"https:\/\/tamegatech.com\/wp-content\/uploads\/2026\/01\/5735f0e55502af5caa70d30008a79174c32cc0f3.jpg"},{"@type":"BreadcrumbList","@id":"https:\/\/tamegatech.com\/sobre\/#breadcrumb","itemListElement":[{"@type":"ListItem","position":1,"name":"In\u00edcio","item":"https:\/\/tamegatech.com\/"},{"@type":"ListItem","position":2,"name":"About"}]},{"@type":"WebSite","@id":"https:\/\/tamegatech.com\/#website","url":"https:\/\/tamegatech.com\/","name":"Tamega Tech","description":"Kotlin Cross-Platform App Developer","publisher":{"@id":"https:\/\/tamegatech.com\/#\/schema\/person\/7e099b874246955f707b481414c7957b"},"potentialAction":[{"@type":"SearchAction","target":{"@type":"EntryPoint","urlTemplate":"https:\/\/tamegatech.com\/?s={search_term_string}"},"query-input":{"@type":"PropertyValueSpecification","valueRequired":true,"valueName":"search_term_string"}}],"inLanguage":"pt-BR"},{"@type":["Person","Organization"],"@id":"https:\/\/tamegatech.com\/#\/schema\/person\/7e099b874246955f707b481414c7957b","name":"admin","image":{"@type":"ImageObject","inLanguage":"pt-BR","@id":"https:\/\/tamegatech.com\/wp-content\/uploads\/2026\/02\/cropped-Selo-Tamega-Tech-300x300-1.png","url":"https:\/\/tamegatech.com\/wp-content\/uploads\/2026\/02\/cropped-Selo-Tamega-Tech-300x300-1.png","contentUrl":"https:\/\/tamegatech.com\/wp-content\/uploads\/2026\/02\/cropped-Selo-Tamega-Tech-300x300-1.png","width":300,"height":300,"caption":"admin"},"logo":{"@id":"https:\/\/tamegatech.com\/wp-content\/uploads\/2026\/02\/cropped-Selo-Tamega-Tech-300x300-1.png"},"sameAs":["https:\/\/tamegatech.com"]}]}},"uagb_featured_image_src":{"full":false,"thumbnail":false,"medium":false,"medium_large":false,"large":false,"1536x1536":false,"2048x2048":false,"trp-custom-language-flag":false},"uagb_author_info":{"display_name":"admin","author_link":"https:\/\/tamegatech.com\/pt\/author\/admin\/"},"uagb_comment_info":0,"uagb_excerpt":"We develop innovative multiplatform solutions with Kotlin At Tamega Tech, our mission is to create efficient multiplatform solutions with Kotlin, serving various industries with ethics and commitment, except for the gambling industry. Based in Aruj\u00e1, Brazil, we deliver robust software architectures for Android, iOS, Web, and Desktop platforms, focusing on performance, reliability, and scalability. Multiplatform&hellip;","_links":{"self":[{"href":"https:\/\/tamegatech.com\/pt\/wp-json\/wp\/v2\/pages\/46","targetHints":{"allow":["GET"]}}],"collection":[{"href":"https:\/\/tamegatech.com\/pt\/wp-json\/wp\/v2\/pages"}],"about":[{"href":"https:\/\/tamegatech.com\/pt\/wp-json\/wp\/v2\/types\/page"}],"author":[{"embeddable":true,"href":"https:\/\/tamegatech.com\/pt\/wp-json\/wp\/v2\/users\/1"}],"replies":[{"embeddable":true,"href":"https:\/\/tamegatech.com\/pt\/wp-json\/wp\/v2\/comments?post=46"}],"version-history":[{"count":3,"href":"https:\/\/tamegatech.com\/pt\/wp-json\/wp\/v2\/pages\/46\/revisions"}],"predecessor-version":[{"id":92,"href":"https:\/\/tamegatech.com\/pt\/wp-json\/wp\/v2\/pages\/46\/revisions\/92"}],"wp:attachment":[{"href":"https:\/\/tamegatech.com\/pt\/wp-json\/wp\/v2\/media?parent=46"}],"curies":[{"name":"wp","href":"https:\/\/api.w.org\/{rel}","templated":true}]}}